{"id":595,"date":"2025-04-08T12:59:48","date_gmt":"2025-04-08T10:59:48","guid":{"rendered":"https:\/\/cluster-labone.com\/?page_id=595"},"modified":"2025-07-18T13:16:13","modified_gmt":"2025-07-18T11:16:13","slug":"operator","status":"publish","type":"page","link":"https:\/\/cluster-labone.com\/pl\/operator\/","title":{"rendered":"Operator"},"content":{"rendered":"<div data-elementor-type=\"wp-post\" data-elementor-id=\"595\" class=\"elementor elementor-595\">\n\t\t\t\t\t\t\t<div class=\"elementor-element elementor-element-88ac442 e-flex e-con-boxed e-con e-parent\" data-id=\"88ac442\" data-element_type=\"container\" data-settings=\"{&quot;content_width&quot;:&quot;boxed&quot;}\" data-core-v316-plus=\"true\">\n\t\t\t\t\t<div class=\"e-con-inner\">\n\t\t\t\t<div class=\"elementor-element elementor-element-b13a174 elementor-widget elementor-widget-heading\" data-id=\"b13a174\" data-element_type=\"widget\" data-widget_type=\"heading.default\">\n\t\t\t\t<div class=\"elementor-widget-container\">\n\t\t\t<style>\/*! elementor - v3.18.0 - 20-12-2023 *\/\n.elementor-heading-title{padding:0;margin:0;line-height:1}.elementor-widget-heading .elementor-heading-title[class*=elementor-size-]>a{color:inherit;font-size:inherit;line-height:inherit}.elementor-widget-heading .elementor-heading-title.elementor-size-small{font-size:15px}.elementor-widget-heading .elementor-heading-title.elementor-size-medium{font-size:19px}.elementor-widget-heading .elementor-heading-title.elementor-size-large{font-size:29px}.elementor-widget-heading .elementor-heading-title.elementor-size-xl{font-size:39px}.elementor-widget-heading .elementor-heading-title.elementor-size-xxl{font-size:59px}<\/style><h2 class=\"elementor-heading-title elementor-size-xl\">Dowiedz si\u0119 wi\u0119cej o firmach zaanga\u017cowanych w ten projekt<\/h2>\t\t<\/div>\n\t\t\t\t<\/div>\n\t\t\t\t\t<\/div>\n\t\t\t\t<\/div>\n\t\t<div class=\"elementor-element elementor-element-5554dc1 e-con-full e-flex e-con e-parent\" data-id=\"5554dc1\" data-element_type=\"container\" data-settings=\"{&quot;content_width&quot;:&quot;full&quot;}\" data-core-v316-plus=\"true\">\n\t\t<div class=\"elementor-element elementor-element-d727a80 e-con-full e-flex e-con e-child\" data-id=\"d727a80\" data-element_type=\"container\" data-settings=\"{&quot;content_width&quot;:&quot;full&quot;}\">\n\t\t\t\t<div class=\"elementor-element elementor-element-12aef70 elementor-widget elementor-widget-image\" data-id=\"12aef70\" data-element_type=\"widget\" data-widget_type=\"image.default\">\n\t\t\t\t<div class=\"elementor-widget-container\">\n\t\t\t<style>\/*! elementor - v3.18.0 - 20-12-2023 *\/\n.elementor-widget-image{text-align:center}.elementor-widget-image a{display:inline-block}.elementor-widget-image a img[src$=\".svg\"]{width:48px}.elementor-widget-image img{vertical-align:middle;display:inline-block}<\/style>\t\t\t\t\t\t\t\t\t\t\t\t\t<a href=\"https:\/\/ecmarket.eu\/\">\n\t\t\t\t\t\t\t<img fetchpriority=\"high\" decoding=\"async\" width=\"300\" height=\"300\" src=\"https:\/\/cluster-labone.com\/wp-content\/uploads\/2024\/11\/logo_ecm_red-300x300.png\" class=\"attachment-medium size-medium wp-image-565\" alt=\"\" srcset=\"https:\/\/cluster-labone.com\/wp-content\/uploads\/2024\/11\/logo_ecm_red-300x300.png 300w, https:\/\/cluster-labone.com\/wp-content\/uploads\/2024\/11\/logo_ecm_red-150x150.png 150w, https:\/\/cluster-labone.com\/wp-content\/uploads\/2024\/11\/logo_ecm_red-12x12.png 12w, https:\/\/cluster-labone.com\/wp-content\/uploads\/2024\/11\/elementor\/thumbs\/logo_ecm_red-qxc1qag6q5c2ycnqxud1l1chqrs2hagyk9z1cnjkdk.png 100w, https:\/\/cluster-labone.com\/wp-content\/uploads\/2024\/11\/logo_ecm_red.png 600w\" sizes=\"(max-width: 300px) 100vw, 300px\" \/>\t\t\t\t\t\t\t\t<\/a>\n\t\t\t\t\t\t\t\t\t\t\t\t\t\t\t<\/div>\n\t\t\t\t<\/div>\n\t\t\t\t<\/div>\n\t\t<div class=\"elementor-element elementor-element-4c38999 e-con-full e-flex e-con e-child\" data-id=\"4c38999\" data-element_type=\"container\" data-settings=\"{&quot;content_width&quot;:&quot;full&quot;}\">\n\t\t\t\t<div class=\"elementor-element elementor-element-e71f917 elementor-widget elementor-widget-image\" data-id=\"e71f917\" data-element_type=\"widget\" data-widget_type=\"image.default\">\n\t\t\t\t<div class=\"elementor-widget-container\">\n\t\t\t\t\t\t\t\t\t\t\t\t\t\t\t\t<a href=\"http:\/\/cbrfs.com\">\n\t\t\t\t\t\t\t<img decoding=\"async\" width=\"300\" height=\"141\" src=\"https:\/\/cluster-labone.com\/wp-content\/uploads\/2025\/04\/b780d18b69676d669bb257a931dc3100e6d9c102-e1744110374421-300x141.png\" class=\"attachment-medium size-medium wp-image-597\" alt=\"\" srcset=\"https:\/\/cluster-labone.com\/wp-content\/uploads\/2025\/04\/b780d18b69676d669bb257a931dc3100e6d9c102-e1744110374421-300x141.png 300w, https:\/\/cluster-labone.com\/wp-content\/uploads\/2025\/04\/b780d18b69676d669bb257a931dc3100e6d9c102-e1744110374421-18x8.png 18w, https:\/\/cluster-labone.com\/wp-content\/uploads\/2025\/04\/b780d18b69676d669bb257a931dc3100e6d9c102-e1744110374421.png 700w\" sizes=\"(max-width: 300px) 100vw, 300px\" \/>\t\t\t\t\t\t\t\t<\/a>\n\t\t\t\t\t\t\t\t\t\t\t\t\t\t\t<\/div>\n\t\t\t\t<\/div>\n\t\t\t\t<\/div>\n\t\t\t\t<\/div>\n\t\t<div class=\"elementor-element elementor-element-101e746 e-flex e-con-boxed e-con e-parent\" data-id=\"101e746\" data-element_type=\"container\" data-settings=\"{&quot;background_background&quot;:&quot;classic&quot;,&quot;content_width&quot;:&quot;boxed&quot;}\" data-core-v316-plus=\"true\">\n\t\t\t\t\t<div class=\"e-con-inner\">\n\t\t<div class=\"elementor-element elementor-element-0160ab6 e-con-full e-flex e-con e-child\" data-id=\"0160ab6\" data-element_type=\"container\" data-settings=\"{&quot;content_width&quot;:&quot;full&quot;}\">\n\t\t\t\t<div class=\"elementor-element elementor-element-f7d3023 elementor-widget elementor-widget-spacer\" data-id=\"f7d3023\" data-element_type=\"widget\" data-widget_type=\"spacer.default\">\n\t\t\t\t<div class=\"elementor-widget-container\">\n\t\t\t<style>\/*! elementor - v3.18.0 - 20-12-2023 *\/\n.elementor-column .elementor-spacer-inner{height:var(--spacer-size)}.e-con{--container-widget-width:100%}.e-con-inner>.elementor-widget-spacer,.e-con>.elementor-widget-spacer{width:var(--container-widget-width,var(--spacer-size));--align-self:var(--container-widget-align-self,initial);--flex-shrink:0}.e-con-inner>.elementor-widget-spacer>.elementor-widget-container,.e-con>.elementor-widget-spacer>.elementor-widget-container{height:100%;width:100%}.e-con-inner>.elementor-widget-spacer>.elementor-widget-container>.elementor-spacer,.e-con>.elementor-widget-spacer>.elementor-widget-container>.elementor-spacer{height:100%}.e-con-inner>.elementor-widget-spacer>.elementor-widget-container>.elementor-spacer>.elementor-spacer-inner,.e-con>.elementor-widget-spacer>.elementor-widget-container>.elementor-spacer>.elementor-spacer-inner{height:var(--container-widget-height,var(--spacer-size))}.e-con-inner>.elementor-widget-spacer.elementor-widget-empty,.e-con>.elementor-widget-spacer.elementor-widget-empty{position:relative;min-height:22px;min-width:22px}.e-con-inner>.elementor-widget-spacer.elementor-widget-empty .elementor-widget-empty-icon,.e-con>.elementor-widget-spacer.elementor-widget-empty .elementor-widget-empty-icon{position:absolute;top:0;bottom:0;left:0;right:0;margin:auto;padding:0;width:22px;height:22px}<\/style>\t\t<div class=\"elementor-spacer\">\n\t\t\t<div class=\"elementor-spacer-inner\"><\/div>\n\t\t<\/div>\n\t\t\t\t<\/div>\n\t\t\t\t<\/div>\n\t\t\t\t<\/div>\n\t\t<div class=\"elementor-element elementor-element-8aa1453 e-con-full e-flex e-con e-child\" data-id=\"8aa1453\" data-element_type=\"container\" data-settings=\"{&quot;content_width&quot;:&quot;full&quot;}\">\n\t\t\t\t<div class=\"elementor-element elementor-element-7a06aa7 elementor-position-left elementor-vertical-align-middle elementor-widget elementor-widget-image-box\" data-id=\"7a06aa7\" data-element_type=\"widget\" data-widget_type=\"image-box.default\">\n\t\t\t\t<div class=\"elementor-widget-container\">\n\t\t\t<style>\/*! elementor - v3.18.0 - 20-12-2023 *\/\n.elementor-widget-image-box .elementor-image-box-content{width:100%}@media (min-width:768px){.elementor-widget-image-box.elementor-position-left .elementor-image-box-wrapper,.elementor-widget-image-box.elementor-position-right .elementor-image-box-wrapper{display:flex}.elementor-widget-image-box.elementor-position-right .elementor-image-box-wrapper{text-align:right;flex-direction:row-reverse}.elementor-widget-image-box.elementor-position-left .elementor-image-box-wrapper{text-align:left;flex-direction:row}.elementor-widget-image-box.elementor-position-top .elementor-image-box-img{margin:auto}.elementor-widget-image-box.elementor-vertical-align-top .elementor-image-box-wrapper{align-items:flex-start}.elementor-widget-image-box.elementor-vertical-align-middle .elementor-image-box-wrapper{align-items:center}.elementor-widget-image-box.elementor-vertical-align-bottom .elementor-image-box-wrapper{align-items:flex-end}}@media (max-width:767px){.elementor-widget-image-box .elementor-image-box-img{margin-left:auto!important;margin-right:auto!important;margin-bottom:15px}}.elementor-widget-image-box .elementor-image-box-img{display:inline-block}.elementor-widget-image-box .elementor-image-box-title a{color:inherit}.elementor-widget-image-box .elementor-image-box-wrapper{text-align:center}.elementor-widget-image-box .elementor-image-box-description{margin:0}<\/style><div class=\"elementor-image-box-wrapper\"><figure class=\"elementor-image-box-img\"><img decoding=\"async\" width=\"150\" height=\"50\" src=\"https:\/\/cluster-labone.com\/wp-content\/uploads\/2023\/12\/ECM_icon3-150x50.png\" class=\"attachment-thumbnail size-thumbnail wp-image-261\" alt=\"\" \/><\/figure><div class=\"elementor-image-box-content\"><p class=\"elementor-image-box-description\">Copyright 2025 - Energy Coin Market energy cluster.<\/p><\/div><\/div>\t\t<\/div>\n\t\t\t\t<\/div>\n\t\t\t\t<\/div>\n\t\t<div class=\"elementor-element elementor-element-d9fba0a e-con-full e-flex e-con e-child\" data-id=\"d9fba0a\" data-element_type=\"container\" data-settings=\"{&quot;content_width&quot;:&quot;full&quot;}\">\n\t\t\t\t<div class=\"elementor-element elementor-element-ee306f4 elementor-widget elementor-widget-spacer\" data-id=\"ee306f4\" data-element_type=\"widget\" data-widget_type=\"spacer.default\">\n\t\t\t\t<div class=\"elementor-widget-container\">\n\t\t\t\t\t<div class=\"elementor-spacer\">\n\t\t\t<div class=\"elementor-spacer-inner\"><\/div>\n\t\t<\/div>\n\t\t\t\t<\/div>\n\t\t\t\t<\/div>\n\t\t\t\t<\/div>\n\t\t\t\t\t<\/div>\n\t\t\t\t<\/div>\n\t\t\t\t\t\t\t<\/div>","protected":false},"excerpt":{"rendered":"<p>Learn more about the companies involved in this project Copyright 2025 &#8211; Energy Coin Market energy cluster.<\/p>","protected":false},"author":3,"featured_media":0,"parent":0,"menu_order":0,"comment_status":"closed","ping_status":"closed","template":"","meta":{"footnotes":""},"class_list":["post-595","page","type-page","status-publish","hentry","entry"],"_links":{"self":[{"href":"https:\/\/cluster-labone.com\/pl\/wp-json\/wp\/v2\/pages\/595","targetHints":{"allow":["GET"]}}],"collection":[{"href":"https:\/\/cluster-labone.com\/pl\/wp-json\/wp\/v2\/pages"}],"about":[{"href":"https:\/\/cluster-labone.com\/pl\/wp-json\/wp\/v2\/types\/page"}],"author":[{"embeddable":true,"href":"https:\/\/cluster-labone.com\/pl\/wp-json\/wp\/v2\/users\/3"}],"replies":[{"embeddable":true,"href":"https:\/\/cluster-labone.com\/pl\/wp-json\/wp\/v2\/comments?post=595"}],"version-history":[{"count":10,"href":"https:\/\/cluster-labone.com\/pl\/wp-json\/wp\/v2\/pages\/595\/revisions"}],"predecessor-version":[{"id":888,"href":"https:\/\/cluster-labone.com\/pl\/wp-json\/wp\/v2\/pages\/595\/revisions\/888"}],"wp:attachment":[{"href":"https:\/\/cluster-labone.com\/pl\/wp-json\/wp\/v2\/media?parent=595"}],"curies":[{"name":"wp","href":"https:\/\/api.w.org\/{rel}","templated":true}]}}