{"id":44,"date":"2023-12-20T23:38:00","date_gmt":"2023-12-20T22:38:00","guid":{"rendered":"http:\/\/cluster-labone.com\/?page_id=44"},"modified":"2026-03-19T10:21:44","modified_gmt":"2026-03-19T09:21:44","slug":"technology","status":"publish","type":"page","link":"https:\/\/cluster-labone.com\/pl\/technology\/","title":{"rendered":"Technologia"},"content":{"rendered":"<div data-elementor-type=\"wp-post\" data-elementor-id=\"44\" class=\"elementor elementor-44\">\n\t\t\t\t\t\t\t<div class=\"elementor-element elementor-element-f7707e8 e-flex e-con-boxed e-con e-parent\" data-id=\"f7707e8\" data-element_type=\"container\" data-settings=\"{&quot;content_width&quot;:&quot;boxed&quot;}\" data-core-v316-plus=\"true\">\n\t\t\t\t\t<div class=\"e-con-inner\">\n\t\t\t\t<div class=\"elementor-element elementor-element-53d02b0 elementor-widget elementor-widget-text-editor\" data-id=\"53d02b0\" data-element_type=\"widget\" data-widget_type=\"text-editor.default\">\n\t\t\t\t<div class=\"elementor-widget-container\">\n\t\t\t<style>\/*! elementor - v3.18.0 - 20-12-2023 *\/\n.elementor-widget-text-editor.elementor-drop-cap-view-stacked .elementor-drop-cap{background-color:#69727d;color:#fff}.elementor-widget-text-editor.elementor-drop-cap-view-framed .elementor-drop-cap{color:#69727d;border:3px solid;background-color:transparent}.elementor-widget-text-editor:not(.elementor-drop-cap-view-default) .elementor-drop-cap{margin-top:8px}.elementor-widget-text-editor:not(.elementor-drop-cap-view-default) .elementor-drop-cap-letter{width:1em;height:1em}.elementor-widget-text-editor .elementor-drop-cap{float:left;text-align:center;line-height:1;font-size:50px}.elementor-widget-text-editor .elementor-drop-cap-letter{display:inline-block}<\/style>\t\t\t\t<p>LAB ONE to po\u0142\u0105czenie wytwarzania z OZE, technologii wodorowych oraz system\u00f3w informatycznych takich jak blockchain, AI czy system zarz\u0105dzania e-Vision. Gwarantuj\u0105 one osi\u0105gni\u0119cie zeroemisyjno\u015bci, automatyzacj\u0119 i optymalizacj\u0119 proces\u00f3w zwi\u0105zanych z funkcjonowaniem oraz bezpiecze\u0144stwo i przejrzysto\u015b\u0107 rozlicze\u0144.<\/p>\t\t\t\t\t\t<\/div>\n\t\t\t\t<\/div>\n\t\t\t\t\t<\/div>\n\t\t\t\t<\/div>\n\t\t<div class=\"elementor-element elementor-element-a1f70b8 e-flex e-con-boxed e-con e-parent\" data-id=\"a1f70b8\" data-element_type=\"container\" data-settings=\"{&quot;content_width&quot;:&quot;boxed&quot;}\" data-core-v316-plus=\"true\">\n\t\t\t\t\t<div class=\"e-con-inner\">\n\t\t\t\t<div class=\"elementor-element elementor-element-55ae0a3 elementor-widget-divider--view-line elementor-widget elementor-widget-divider\" data-id=\"55ae0a3\" data-element_type=\"widget\" data-widget_type=\"divider.default\">\n\t\t\t\t<div class=\"elementor-widget-container\">\n\t\t\t<style>\/*! elementor - v3.18.0 - 20-12-2023 *\/\n.elementor-widget-divider{--divider-border-style:none;--divider-border-width:1px;--divider-color:#0c0d0e;--divider-icon-size:20px;--divider-element-spacing:10px;--divider-pattern-height:24px;--divider-pattern-size:20px;--divider-pattern-url:none;--divider-pattern-repeat:repeat-x}.elementor-widget-divider .elementor-divider{display:flex}.elementor-widget-divider .elementor-divider__text{font-size:15px;line-height:1;max-width:95%}.elementor-widget-divider .elementor-divider__element{margin:0 var(--divider-element-spacing);flex-shrink:0}.elementor-widget-divider .elementor-icon{font-size:var(--divider-icon-size)}.elementor-widget-divider .elementor-divider-separator{display:flex;margin:0;direction:ltr}.elementor-widget-divider--view-line_icon .elementor-divider-separator,.elementor-widget-divider--view-line_text .elementor-divider-separator{align-items:center}.elementor-widget-divider--view-line_icon .elementor-divider-separator:after,.elementor-widget-divider--view-line_icon .elementor-divider-separator:before,.elementor-widget-divider--view-line_text .elementor-divider-separator:after,.elementor-widget-divider--view-line_text .elementor-divider-separator:before{display:block;content:\"\";border-bottom:0;flex-grow:1;border-top:var(--divider-border-width) var(--divider-border-style) var(--divider-color)}.elementor-widget-divider--element-align-left .elementor-divider .elementor-divider-separator>.elementor-divider__svg:first-of-type{flex-grow:0;flex-shrink:100}.elementor-widget-divider--element-align-left .elementor-divider-separator:before{content:none}.elementor-widget-divider--element-align-left .elementor-divider__element{margin-left:0}.elementor-widget-divider--element-align-right .elementor-divider .elementor-divider-separator>.elementor-divider__svg:last-of-type{flex-grow:0;flex-shrink:100}.elementor-widget-divider--element-align-right .elementor-divider-separator:after{content:none}.elementor-widget-divider--element-align-right .elementor-divider__element{margin-right:0}.elementor-widget-divider:not(.elementor-widget-divider--view-line_text):not(.elementor-widget-divider--view-line_icon) .elementor-divider-separator{border-top:var(--divider-border-width) var(--divider-border-style) var(--divider-color)}.elementor-widget-divider--separator-type-pattern{--divider-border-style:none}.elementor-widget-divider--separator-type-pattern.elementor-widget-divider--view-line .elementor-divider-separator,.elementor-widget-divider--separator-type-pattern:not(.elementor-widget-divider--view-line) .elementor-divider-separator:after,.elementor-widget-divider--separator-type-pattern:not(.elementor-widget-divider--view-line) .elementor-divider-separator:before,.elementor-widget-divider--separator-type-pattern:not([class*=elementor-widget-divider--view]) .elementor-divider-separator{width:100%;min-height:var(--divider-pattern-height);-webkit-mask-size:var(--divider-pattern-size) 100%;mask-size:var(--divider-pattern-size) 100%;-webkit-mask-repeat:var(--divider-pattern-repeat);mask-repeat:var(--divider-pattern-repeat);background-color:var(--divider-color);-webkit-mask-image:var(--divider-pattern-url);mask-image:var(--divider-pattern-url)}.elementor-widget-divider--no-spacing{--divider-pattern-size:auto}.elementor-widget-divider--bg-round{--divider-pattern-repeat:round}.rtl .elementor-widget-divider .elementor-divider__text{direction:rtl}.e-con-inner>.elementor-widget-divider,.e-con>.elementor-widget-divider{width:var(--container-widget-width,100%);--flex-grow:var(--container-widget-flex-grow)}<\/style>\t\t<div class=\"elementor-divider\">\n\t\t\t<span class=\"elementor-divider-separator\">\n\t\t\t\t\t\t<\/span>\n\t\t<\/div>\n\t\t\t\t<\/div>\n\t\t\t\t<\/div>\n\t\t\t\t\t<\/div>\n\t\t\t\t<\/div>\n\t\t<div class=\"elementor-element elementor-element-027f8ee e-flex e-con-boxed e-con e-parent\" data-id=\"027f8ee\" data-element_type=\"container\" data-settings=\"{&quot;content_width&quot;:&quot;boxed&quot;}\" data-core-v316-plus=\"true\">\n\t\t\t\t\t<div class=\"e-con-inner\">\n\t\t<div class=\"elementor-element elementor-element-930f3f6 e-con-full e-flex e-con e-child\" data-id=\"930f3f6\" data-element_type=\"container\" data-settings=\"{&quot;content_width&quot;:&quot;full&quot;}\">\n\t\t\t\t<div class=\"elementor-element elementor-element-ae92c98 elementor-position-top elementor-widget elementor-widget-image-box\" data-id=\"ae92c98\" data-element_type=\"widget\" data-widget_type=\"image-box.default\">\n\t\t\t\t<div class=\"elementor-widget-container\">\n\t\t\t<style>\/*! elementor - v3.18.0 - 20-12-2023 *\/\n.elementor-widget-image-box .elementor-image-box-content{width:100%}@media (min-width:768px){.elementor-widget-image-box.elementor-position-left .elementor-image-box-wrapper,.elementor-widget-image-box.elementor-position-right .elementor-image-box-wrapper{display:flex}.elementor-widget-image-box.elementor-position-right .elementor-image-box-wrapper{text-align:right;flex-direction:row-reverse}.elementor-widget-image-box.elementor-position-left .elementor-image-box-wrapper{text-align:left;flex-direction:row}.elementor-widget-image-box.elementor-position-top .elementor-image-box-img{margin:auto}.elementor-widget-image-box.elementor-vertical-align-top .elementor-image-box-wrapper{align-items:flex-start}.elementor-widget-image-box.elementor-vertical-align-middle .elementor-image-box-wrapper{align-items:center}.elementor-widget-image-box.elementor-vertical-align-bottom .elementor-image-box-wrapper{align-items:flex-end}}@media (max-width:767px){.elementor-widget-image-box .elementor-image-box-img{margin-left:auto!important;margin-right:auto!important;margin-bottom:15px}}.elementor-widget-image-box .elementor-image-box-img{display:inline-block}.elementor-widget-image-box .elementor-image-box-title a{color:inherit}.elementor-widget-image-box .elementor-image-box-wrapper{text-align:center}.elementor-widget-image-box .elementor-image-box-description{margin:0}<\/style><div class=\"elementor-image-box-wrapper\"><figure class=\"elementor-image-box-img\"><img decoding=\"async\" width=\"155\" height=\"134\" src=\"https:\/\/cluster-labone.com\/wp-content\/uploads\/2023\/12\/ICO_oze.png\" class=\"attachment-full size-full wp-image-70\" alt=\"\" \/><\/figure><div class=\"elementor-image-box-content\"><p class=\"elementor-image-box-description\">Za wytwarzanie energii w LAB ONE odpowiedzialna jest farma fotowoltaiczna zbudowana z najnowszej generacji paneli wyposa\u017conych w technologi\u0119 bifacial. Aby wytwarzanie odbywa\u0142o si\u0119 nieustannie, klaster wyposa\u017cony zosta\u0142 w pionowe turbiny wiatru, kt\u00f3re charakteryzuj\u0105 si\u0119 du\u017c\u0105 wydajno\u015bci\u0105 i bardzo cich\u0105 prac\u0105.<\/p><\/div><\/div>\t\t<\/div>\n\t\t\t\t<\/div>\n\t\t\t\t<\/div>\n\t\t<div class=\"elementor-element elementor-element-58eb12a e-con-full e-flex e-con e-child\" data-id=\"58eb12a\" data-element_type=\"container\" data-settings=\"{&quot;content_width&quot;:&quot;full&quot;}\">\n\t\t\t\t<div class=\"elementor-element elementor-element-3626421 elementor-position-top elementor-widget elementor-widget-image-box\" data-id=\"3626421\" data-element_type=\"widget\" data-widget_type=\"image-box.default\">\n\t\t\t\t<div class=\"elementor-widget-container\">\n\t\t\t<div class=\"elementor-image-box-wrapper\"><figure class=\"elementor-image-box-img\"><img decoding=\"async\" width=\"155\" height=\"134\" src=\"https:\/\/cluster-labone.com\/wp-content\/uploads\/2023\/12\/ICO_bipv.png\" class=\"attachment-full size-full wp-image-69\" alt=\"\" \/><\/figure><div class=\"elementor-image-box-content\"><p class=\"elementor-image-box-description\">W celu zmaksymalizowania wytwarzania, w architektur\u0119 budynku CBR Future Solutions, wkomponowane zosta\u0142y takie elementy jak: carport, \u015bwietlik BIPV, fasada fotowoltaiczna BIPV, fotowoltaiczne zadaszenie tarasu, szyby kwantowe.<\/p><\/div><\/div>\t\t<\/div>\n\t\t\t\t<\/div>\n\t\t\t\t<\/div>\n\t\t\t\t\t<\/div>\n\t\t\t\t<\/div>\n\t\t<div class=\"elementor-element elementor-element-3fbda2b e-flex e-con-boxed e-con e-parent\" data-id=\"3fbda2b\" data-element_type=\"container\" data-settings=\"{&quot;content_width&quot;:&quot;boxed&quot;}\" data-core-v316-plus=\"true\">\n\t\t\t\t\t<div class=\"e-con-inner\">\n\t\t<div class=\"elementor-element elementor-element-b67f956 e-con-full e-flex e-con e-child\" data-id=\"b67f956\" data-element_type=\"container\" data-settings=\"{&quot;content_width&quot;:&quot;full&quot;}\">\n\t\t\t\t<div class=\"elementor-element elementor-element-10ff58c elementor-position-top elementor-widget elementor-widget-image-box\" data-id=\"10ff58c\" data-element_type=\"widget\" data-widget_type=\"image-box.default\">\n\t\t\t\t<div class=\"elementor-widget-container\">\n\t\t\t<div class=\"elementor-image-box-wrapper\"><figure class=\"elementor-image-box-img\"><img decoding=\"async\" width=\"155\" height=\"134\" src=\"https:\/\/cluster-labone.com\/wp-content\/uploads\/2023\/12\/ICO_dapp.png\" class=\"attachment-full size-full wp-image-62\" alt=\"\" \/><\/figure><div class=\"elementor-image-box-content\"><p class=\"elementor-image-box-description\">Energia wygenerowana w LAB ONE nale\u017cy do Was \u2013 u\u017cytkownik\u00f3w. Dlatego ekosystem ECM stworzy\u0142 niezawodne narz\u0119dzie, kt\u00f3re zapewnia prawid\u0142owo\u015b\u0107 i bezpiecze\u0144stwo rozlicze\u0144 w spos\u00f3b przejrzysty i skalowalny. ECM DApp dzia\u0142a w rozproszonym \u015brodowisku blockchain, opartym na sprawdzonym standardzie BEP-20. Jego funkcjonowanie opiera si\u0119 na zestawie inteligentnych kontrakt\u00f3w, kt\u00f3re gwarantuj\u0105 zgodno\u015b\u0107 z zasadami i regulacjami.\nAby bezpiecznie przechowywa\u0107 swoj\u0105 cyfrow\u0105 energi\u0119, ekosystem wykorzystuje zdecentralizowany portfel METAMASK. ECM to rozwi\u0105zanie o zasi\u0119gu globalnym, kt\u00f3re musi spe\u0142nia\u0107 surowe wymogi prawa mi\u0119dzynarodowego. Zgodnie z tymi regulacjami, ECM DApp uwzgl\u0119dnia zasady AML\/KYC, we wsp\u00f3\u0142pracy z naszym partnerem \u2013 firm\u0105 Veriff.<\/p><\/div><\/div>\t\t<\/div>\n\t\t\t\t<\/div>\n\t\t\t\t<\/div>\n\t\t<div class=\"elementor-element elementor-element-6395c7b e-con-full e-flex e-con e-child\" data-id=\"6395c7b\" data-element_type=\"container\" data-settings=\"{&quot;content_width&quot;:&quot;full&quot;}\">\n\t\t\t\t<div class=\"elementor-element elementor-element-7030a3f elementor-position-top elementor-widget elementor-widget-image-box\" data-id=\"7030a3f\" data-element_type=\"widget\" data-widget_type=\"image-box.default\">\n\t\t\t\t<div class=\"elementor-widget-container\">\n\t\t\t<div class=\"elementor-image-box-wrapper\"><figure class=\"elementor-image-box-img\"><img loading=\"lazy\" decoding=\"async\" width=\"155\" height=\"134\" src=\"https:\/\/cluster-labone.com\/wp-content\/uploads\/2023\/12\/ICO_vision.png\" class=\"attachment-full size-full wp-image-68\" alt=\"\" \/><\/figure><div class=\"elementor-image-box-content\"><p class=\"elementor-image-box-description\">Wszystkie procesy pomiarowe, wytw\u00f3rcze, czy  magazynowanie zosta\u0142y zautomatyzowane. e-Vsion system stworzony w ramach Future Solution to nowoczesne narz\u0119dzie przeznaczone dla klastr\u00f3w energii czy sp\u00f3\u0142dzielni energetycznych. Jego kompleksowy system bilingowy zapewnia przejrzyste i czytelne rozliczanie produkowanej energii. Odpowiedzialny jest on r\u00f3wnie\u017c za optymalizacj\u0119 wytwarzania wodoru, energii elektrycznej i innych produkt\u00f3w steruj\u0105c ca\u0142\u0105 zespolon\u0105 technologi\u0105 klastra. To r\u00f3wnie\u017c dzi\u0119ki e-Vison w czasie rzeczywistym \u015bledzi\u0107 mo\u017cemy parametry produkcji czy stany magazynowe.<\/p><\/div><\/div>\t\t<\/div>\n\t\t\t\t<\/div>\n\t\t\t\t<\/div>\n\t\t<div class=\"elementor-element elementor-element-719cee9 e-con-full e-flex e-con e-child\" data-id=\"719cee9\" data-element_type=\"container\" data-settings=\"{&quot;content_width&quot;:&quot;full&quot;}\">\n\t\t\t\t<div class=\"elementor-element elementor-element-260fda7 elementor-position-top elementor-widget elementor-widget-image-box\" data-id=\"260fda7\" data-element_type=\"widget\" data-widget_type=\"image-box.default\">\n\t\t\t\t<div class=\"elementor-widget-container\">\n\t\t\t<div class=\"elementor-image-box-wrapper\"><figure class=\"elementor-image-box-img\"><img loading=\"lazy\" decoding=\"async\" width=\"155\" height=\"134\" src=\"https:\/\/cluster-labone.com\/wp-content\/uploads\/2023\/12\/ICO_h2.png\" class=\"attachment-full size-full wp-image-65\" alt=\"\" \/><\/figure><div class=\"elementor-image-box-content\"><p class=\"elementor-image-box-description\">LAB ONE to klaster przysz\u0142o\u015bci. Wytwarzana energia elektryczna przekszta\u0142cana jest w procesie elektrolizy wody w zielony wod\u00f3r i tlen. Przy tym procesie generowane jest ciep\u0142o odpadowe, kt\u00f3re r\u00f3wnie\u017c zosta\u0142o zagospodarowane. Do wytwarzania wodoru w jednostce wykorzystane zosta\u0142y elektrolizery typu PEM (Proton Exchange Membrane), kt\u00f3re charakteryzuj\u0105 si\u0119 du\u017c\u0105 wydajno\u015bci\u0105 pracy, szybkim startem oraz wyj\u0105tkow\u0105 czysto\u015bci\u0105 produktu. Do ich zasilenia opr\u00f3cz energii elektrycznej wykorzystywana jest czysta demineralizowana woda. LAB ONE wyposa\u017cony zosta\u0142 r\u00f3wnie\u017c w komercyjn\u0105 stacj\u0119 tankowania wodoru.\n<\/p><\/div><\/div>\t\t<\/div>\n\t\t\t\t<\/div>\n\t\t\t\t<\/div>\n\t\t\t\t\t<\/div>\n\t\t\t\t<\/div>\n\t\t<div class=\"elementor-element elementor-element-5b30cdc e-flex e-con-boxed e-con e-parent\" data-id=\"5b30cdc\" data-element_type=\"container\" data-settings=\"{&quot;content_width&quot;:&quot;boxed&quot;}\" data-core-v316-plus=\"true\">\n\t\t\t\t\t<div class=\"e-con-inner\">\n\t\t\t\t<div class=\"elementor-element elementor-element-694b903 elementor-widget-divider--view-line elementor-widget elementor-widget-divider\" data-id=\"694b903\" data-element_type=\"widget\" data-widget_type=\"divider.default\">\n\t\t\t\t<div class=\"elementor-widget-container\">\n\t\t\t\t\t<div class=\"elementor-divider\">\n\t\t\t<span class=\"elementor-divider-separator\">\n\t\t\t\t\t\t<\/span>\n\t\t<\/div>\n\t\t\t\t<\/div>\n\t\t\t\t<\/div>\n\t\t\t\t\t<\/div>\n\t\t\t\t<\/div>\n\t\t<div class=\"elementor-element elementor-element-5961a59 e-flex e-con-boxed e-con e-parent\" data-id=\"5961a59\" data-element_type=\"container\" data-settings=\"{&quot;content_width&quot;:&quot;boxed&quot;}\" data-core-v316-plus=\"true\">\n\t\t\t\t\t<div class=\"e-con-inner\">\n\t\t\t\t<div class=\"elementor-element elementor-element-16d2395 elementor-widget elementor-widget-text-editor\" data-id=\"16d2395\" data-element_type=\"widget\" data-widget_type=\"text-editor.default\">\n\t\t\t\t<div class=\"elementor-widget-container\">\n\t\t\t\t\t\t\t<p>W taki w\u0142a\u015bnie spos\u00f3b ECM poprzez tokenizacj\u0119 zbudowa\u0142 zeroemisyjny energetyczny system przysz\u0142o\u015bci.<\/p>\t\t\t\t\t\t<\/div>\n\t\t\t\t<\/div>\n\t\t\t\t\t<\/div>\n\t\t\t\t<\/div>\n\t\t<div class=\"elementor-element elementor-element-7230626 e-flex e-con-boxed e-con e-parent\" data-id=\"7230626\" data-element_type=\"container\" data-settings=\"{&quot;background_background&quot;:&quot;classic&quot;,&quot;content_width&quot;:&quot;boxed&quot;}\" data-core-v316-plus=\"true\">\n\t\t\t\t\t<div class=\"e-con-inner\">\n\t\t<div class=\"elementor-element elementor-element-3f4e16b e-con-full e-flex e-con e-child\" data-id=\"3f4e16b\" data-element_type=\"container\" data-settings=\"{&quot;content_width&quot;:&quot;full&quot;}\">\n\t\t\t\t<div class=\"elementor-element elementor-element-375746f elementor-widget elementor-widget-spacer\" data-id=\"375746f\" data-element_type=\"widget\" data-widget_type=\"spacer.default\">\n\t\t\t\t<div class=\"elementor-widget-container\">\n\t\t\t<style>\/*! elementor - v3.18.0 - 20-12-2023 *\/\n.elementor-column .elementor-spacer-inner{height:var(--spacer-size)}.e-con{--container-widget-width:100%}.e-con-inner>.elementor-widget-spacer,.e-con>.elementor-widget-spacer{width:var(--container-widget-width,var(--spacer-size));--align-self:var(--container-widget-align-self,initial);--flex-shrink:0}.e-con-inner>.elementor-widget-spacer>.elementor-widget-container,.e-con>.elementor-widget-spacer>.elementor-widget-container{height:100%;width:100%}.e-con-inner>.elementor-widget-spacer>.elementor-widget-container>.elementor-spacer,.e-con>.elementor-widget-spacer>.elementor-widget-container>.elementor-spacer{height:100%}.e-con-inner>.elementor-widget-spacer>.elementor-widget-container>.elementor-spacer>.elementor-spacer-inner,.e-con>.elementor-widget-spacer>.elementor-widget-container>.elementor-spacer>.elementor-spacer-inner{height:var(--container-widget-height,var(--spacer-size))}.e-con-inner>.elementor-widget-spacer.elementor-widget-empty,.e-con>.elementor-widget-spacer.elementor-widget-empty{position:relative;min-height:22px;min-width:22px}.e-con-inner>.elementor-widget-spacer.elementor-widget-empty .elementor-widget-empty-icon,.e-con>.elementor-widget-spacer.elementor-widget-empty .elementor-widget-empty-icon{position:absolute;top:0;bottom:0;left:0;right:0;margin:auto;padding:0;width:22px;height:22px}<\/style>\t\t<div class=\"elementor-spacer\">\n\t\t\t<div class=\"elementor-spacer-inner\"><\/div>\n\t\t<\/div>\n\t\t\t\t<\/div>\n\t\t\t\t<\/div>\n\t\t\t\t<\/div>\n\t\t<div class=\"elementor-element elementor-element-4272041 e-con-full e-flex e-con e-child\" data-id=\"4272041\" data-element_type=\"container\" data-settings=\"{&quot;content_width&quot;:&quot;full&quot;}\">\n\t\t\t\t<div class=\"elementor-element elementor-element-a330549 elementor-position-left elementor-vertical-align-middle elementor-widget elementor-widget-image-box\" data-id=\"a330549\" data-element_type=\"widget\" data-widget_type=\"image-box.default\">\n\t\t\t\t<div class=\"elementor-widget-container\">\n\t\t\t<div class=\"elementor-image-box-wrapper\"><figure class=\"elementor-image-box-img\"><img loading=\"lazy\" decoding=\"async\" width=\"150\" height=\"50\" src=\"https:\/\/cluster-labone.com\/wp-content\/uploads\/2023\/12\/ECM_icon3-150x50.png\" class=\"attachment-thumbnail size-thumbnail wp-image-261\" alt=\"\" \/><\/figure><div class=\"elementor-image-box-content\"><p class=\"elementor-image-box-description\">Copyright 2025 - Energy Coin Market energy cluster.<\/p><\/div><\/div>\t\t<\/div>\n\t\t\t\t<\/div>\n\t\t\t\t<\/div>\n\t\t<div class=\"elementor-element elementor-element-7212281 e-con-full e-flex e-con e-child\" data-id=\"7212281\" data-element_type=\"container\" data-settings=\"{&quot;content_width&quot;:&quot;full&quot;}\">\n\t\t\t\t<div class=\"elementor-element elementor-element-a1f99bb elementor-widget elementor-widget-spacer\" data-id=\"a1f99bb\" data-element_type=\"widget\" data-widget_type=\"spacer.default\">\n\t\t\t\t<div class=\"elementor-widget-container\">\n\t\t\t\t\t<div class=\"elementor-spacer\">\n\t\t\t<div class=\"elementor-spacer-inner\"><\/div>\n\t\t<\/div>\n\t\t\t\t<\/div>\n\t\t\t\t<\/div>\n\t\t\t\t<\/div>\n\t\t\t\t\t<\/div>\n\t\t\t\t<\/div>\n\t\t\t\t\t\t\t<\/div>","protected":false},"excerpt":{"rendered":"<p>LAB ONE is a combination of renewable energy generation, hydrogen technologies, and information systems such as blockchain, AI, or the e-Vision management system. They guarantee zero emissions, automation, optimization of cluster operation processes, as well as safety and transparency of settlements. The LAB ONE energy generation is managed by a photovoltaic farm built with the [&hellip;]<\/p>","protected":false},"author":1,"featured_media":0,"parent":0,"menu_order":0,"comment_status":"closed","ping_status":"closed","template":"","meta":{"footnotes":""},"class_list":["post-44","page","type-page","status-publish","hentry","entry"],"_links":{"self":[{"href":"https:\/\/cluster-labone.com\/pl\/wp-json\/wp\/v2\/pages\/44","targetHints":{"allow":["GET"]}}],"collection":[{"href":"https:\/\/cluster-labone.com\/pl\/wp-json\/wp\/v2\/pages"}],"about":[{"href":"https:\/\/cluster-labone.com\/pl\/wp-json\/wp\/v2\/types\/page"}],"author":[{"embeddable":true,"href":"https:\/\/cluster-labone.com\/pl\/wp-json\/wp\/v2\/users\/1"}],"replies":[{"embeddable":true,"href":"https:\/\/cluster-labone.com\/pl\/wp-json\/wp\/v2\/comments?post=44"}],"version-history":[{"count":80,"href":"https:\/\/cluster-labone.com\/pl\/wp-json\/wp\/v2\/pages\/44\/revisions"}],"predecessor-version":[{"id":1149,"href":"https:\/\/cluster-labone.com\/pl\/wp-json\/wp\/v2\/pages\/44\/revisions\/1149"}],"wp:attachment":[{"href":"https:\/\/cluster-labone.com\/pl\/wp-json\/wp\/v2\/media?parent=44"}],"curies":[{"name":"wp","href":"https:\/\/api.w.org\/{rel}","templated":true}]}}